{"id":228,"date":"2022-06-16T16:44:45","date_gmt":"2022-06-16T14:44:45","guid":{"rendered":"https:\/\/www.marginuez.pl\/?page_id=228"},"modified":"2023-09-04T21:01:18","modified_gmt":"2023-09-04T19:01:18","slug":"logo","status":"publish","type":"page","link":"https:\/\/www.marginuez.pl\/index.php\/strona-glowna\/logo\/","title":{"rendered":"Logo"},"content":{"rendered":"\t\t<div data-elementor-type=\"wp-page\" data-elementor-id=\"228\" class=\"elementor elementor-228\">\n\t\t\t\t\t\t\t\t\t<section class=\"elementor-section elementor-top-section elementor-element elementor-element-768a587e elementor-section-boxed elementor-section-height-default elementor-section-height-default\" data-id=\"768a587e\" data-element_type=\"section\">\n\t\t\t\t\t\t<div class=\"elementor-container elementor-column-gap-default\">\n\t\t\t\t\t<div class=\"elementor-column elementor-col-100 elementor-top-column elementor-element elementor-element-445c7096\" data-id=\"445c7096\" data-element_type=\"column\">\n\t\t\t<div class=\"elementor-widget-wrap elementor-element-populated\">\n\t\t\t\t\t\t\t\t<div class=\"elementor-element elementor-element-d9124ac gallery-spacing-custom elementor-widget elementor-widget-image-gallery\" data-id=\"d9124ac\" data-element_type=\"widget\" data-settings=\"{&quot;_animation&quot;:&quot;none&quot;}\" data-widget_type=\"image-gallery.default\">\n\t\t\t\t<div class=\"elementor-widget-container\">\n\t\t\t<style>\/*! elementor - v3.6.6 - 08-06-2022 *\/\n.elementor-image-gallery .gallery-item{display:inline-block;text-align:center;vertical-align:top;width:100%;max-width:100%;margin:0 auto}.elementor-image-gallery .gallery-item img{margin:0 auto}.elementor-image-gallery .gallery-item .gallery-caption{margin:0}.elementor-image-gallery figure img{display:block}.elementor-image-gallery figure figcaption{width:100%}.gallery-spacing-custom .elementor-image-gallery .gallery-icon{padding:0}@media (min-width:768px){.elementor-image-gallery .gallery-columns-2 .gallery-item{max-width:50%}.elementor-image-gallery .gallery-columns-3 .gallery-item{max-width:33.33%}.elementor-image-gallery .gallery-columns-4 .gallery-item{max-width:25%}.elementor-image-gallery .gallery-columns-5 .gallery-item{max-width:20%}.elementor-image-gallery .gallery-columns-6 .gallery-item{max-width:16.666%}.elementor-image-gallery .gallery-columns-7 .gallery-item{max-width:14.28%}.elementor-image-gallery .gallery-columns-8 .gallery-item{max-width:12.5%}.elementor-image-gallery .gallery-columns-9 .gallery-item{max-width:11.11%}.elementor-image-gallery .gallery-columns-10 .gallery-item{max-width:10%}}@media (min-width:480px) and (max-width:767px){.elementor-image-gallery .gallery.gallery-columns-2 .gallery-item,.elementor-image-gallery .gallery.gallery-columns-3 .gallery-item,.elementor-image-gallery .gallery.gallery-columns-4 .gallery-item,.elementor-image-gallery .gallery.gallery-columns-5 .gallery-item,.elementor-image-gallery .gallery.gallery-columns-6 .gallery-item,.elementor-image-gallery .gallery.gallery-columns-7 .gallery-item,.elementor-image-gallery .gallery.gallery-columns-8 .gallery-item,.elementor-image-gallery .gallery.gallery-columns-9 .gallery-item,.elementor-image-gallery .gallery.gallery-columns-10 .gallery-item{max-width:50%}}@media (max-width:479px){.elementor-image-gallery .gallery.gallery-columns-2 .gallery-item,.elementor-image-gallery .gallery.gallery-columns-3 .gallery-item,.elementor-image-gallery .gallery.gallery-columns-4 .gallery-item,.elementor-image-gallery .gallery.gallery-columns-5 .gallery-item,.elementor-image-gallery .gallery.gallery-columns-6 .gallery-item,.elementor-image-gallery .gallery.gallery-columns-7 .gallery-item,.elementor-image-gallery .gallery.gallery-columns-8 .gallery-item,.elementor-image-gallery .gallery.gallery-columns-9 .gallery-item,.elementor-image-gallery .gallery.gallery-columns-10 .gallery-item{max-width:100%}}<\/style>\t\t<div class=\"elementor-image-gallery\">\n\t\t\t<div id='gallery-1' class='gallery galleryid-228 gallery-columns-3 gallery-size-medium'><figure class='gallery-item'>\n\t\t\t<div class='gallery-icon landscape'>\n\t\t\t\t<a data-elementor-open-lightbox=\"no\" href='https:\/\/www.marginuez.pl\/wp-content\/uploads\/2023\/03\/bakajoko-3.jpg'><img loading=\"lazy\" decoding=\"async\" width=\"300\" height=\"300\" src=\"https:\/\/www.marginuez.pl\/wp-content\/uploads\/2023\/03\/bakajoko-3-300x300.jpg\" class=\"attachment-medium size-medium\" alt=\"\" aria-describedby=\"gallery-1-476\" srcset=\"https:\/\/www.marginuez.pl\/wp-content\/uploads\/2023\/03\/bakajoko-3-300x300.jpg 300w, https:\/\/www.marginuez.pl\/wp-content\/uploads\/2023\/03\/bakajoko-3-150x150.jpg 150w, https:\/\/www.marginuez.pl\/wp-content\/uploads\/2023\/03\/bakajoko-3-768x768.jpg 768w, https:\/\/www.marginuez.pl\/wp-content\/uploads\/2023\/03\/bakajoko-3-600x600.jpg 600w, https:\/\/www.marginuez.pl\/wp-content\/uploads\/2023\/03\/bakajoko-3-100x100.jpg 100w, https:\/\/www.marginuez.pl\/wp-content\/uploads\/2023\/03\/bakajoko-3.jpg 960w\" sizes=\"auto, (max-width: 300px) 100vw, 300px\" \/><\/a>\n\t\t\t<\/div>\n\t\t\t\t<figcaption class='wp-caption-text gallery-caption' id='gallery-1-476'>\n\t\t\t\tBakajoko\n\t\t\t\t<\/figcaption><\/figure><figure class='gallery-item'>\n\t\t\t<div class='gallery-icon landscape'>\n\t\t\t\t<a data-elementor-open-lightbox=\"no\" href='https:\/\/www.marginuez.pl\/wp-content\/uploads\/2023\/09\/viking-team-logo-5_Obszar-roboczy-1_Obszar-roboczy-1.jpg'><img loading=\"lazy\" decoding=\"async\" width=\"300\" height=\"300\" src=\"https:\/\/www.marginuez.pl\/wp-content\/uploads\/2023\/09\/viking-team-logo-5_Obszar-roboczy-1_Obszar-roboczy-1-300x300.jpg\" class=\"attachment-medium size-medium\" alt=\"\" aria-describedby=\"gallery-1-1246\" srcset=\"https:\/\/www.marginuez.pl\/wp-content\/uploads\/2023\/09\/viking-team-logo-5_Obszar-roboczy-1_Obszar-roboczy-1-300x300.jpg 300w, https:\/\/www.marginuez.pl\/wp-content\/uploads\/2023\/09\/viking-team-logo-5_Obszar-roboczy-1_Obszar-roboczy-1-150x150.jpg 150w, https:\/\/www.marginuez.pl\/wp-content\/uploads\/2023\/09\/viking-team-logo-5_Obszar-roboczy-1_Obszar-roboczy-1.jpg 425w\" sizes=\"auto, (max-width: 300px) 100vw, 300px\" \/><\/a>\n\t\t\t<\/div>\n\t\t\t\t<figcaption class='wp-caption-text gallery-caption' id='gallery-1-1246'>\n\t\t\t\tViking Team\n\t\t\t\t<\/figcaption><\/figure><figure class='gallery-item'>\n\t\t\t<div class='gallery-icon landscape'>\n\t\t\t\t<a data-elementor-open-lightbox=\"no\" href='https:\/\/www.marginuez.pl\/wp-content\/uploads\/2023\/04\/mma-addict-Logo-01-1.jpg'><img loading=\"lazy\" decoding=\"async\" width=\"300\" height=\"300\" src=\"https:\/\/www.marginuez.pl\/wp-content\/uploads\/2023\/04\/mma-addict-Logo-01-1-300x300.jpg\" class=\"attachment-medium size-medium\" alt=\"\" aria-describedby=\"gallery-1-912\" srcset=\"https:\/\/www.marginuez.pl\/wp-content\/uploads\/2023\/04\/mma-addict-Logo-01-1-300x300.jpg 300w, https:\/\/www.marginuez.pl\/wp-content\/uploads\/2023\/04\/mma-addict-Logo-01-1-150x150.jpg 150w, https:\/\/www.marginuez.pl\/wp-content\/uploads\/2023\/04\/mma-addict-Logo-01-1.jpg 595w\" sizes=\"auto, (max-width: 300px) 100vw, 300px\" \/><\/a>\n\t\t\t<\/div>\n\t\t\t\t<figcaption class='wp-caption-text gallery-caption' id='gallery-1-912'>\n\t\t\t\tMMA Addict\n\t\t\t\t<\/figcaption><\/figure><figure class='gallery-item'>\n\t\t\t<div class='gallery-icon landscape'>\n\t\t\t\t<a data-elementor-open-lightbox=\"no\" href='https:\/\/www.marginuez.pl\/wp-content\/uploads\/2023\/03\/150609247_100755642064791_5294265314504698594_o-1.jpg'><img loading=\"lazy\" decoding=\"async\" width=\"300\" height=\"300\" src=\"https:\/\/www.marginuez.pl\/wp-content\/uploads\/2023\/03\/150609247_100755642064791_5294265314504698594_o-1-300x300.jpg\" class=\"attachment-medium size-medium\" alt=\"\" aria-describedby=\"gallery-1-481\" srcset=\"https:\/\/www.marginuez.pl\/wp-content\/uploads\/2023\/03\/150609247_100755642064791_5294265314504698594_o-1-300x300.jpg 300w, https:\/\/www.marginuez.pl\/wp-content\/uploads\/2023\/03\/150609247_100755642064791_5294265314504698594_o-1-1024x1024.jpg 1024w, https:\/\/www.marginuez.pl\/wp-content\/uploads\/2023\/03\/150609247_100755642064791_5294265314504698594_o-1-150x150.jpg 150w, https:\/\/www.marginuez.pl\/wp-content\/uploads\/2023\/03\/150609247_100755642064791_5294265314504698594_o-1-768x768.jpg 768w, https:\/\/www.marginuez.pl\/wp-content\/uploads\/2023\/03\/150609247_100755642064791_5294265314504698594_o-1-1536x1536.jpg 1536w, https:\/\/www.marginuez.pl\/wp-content\/uploads\/2023\/03\/150609247_100755642064791_5294265314504698594_o-1-600x600.jpg 600w, https:\/\/www.marginuez.pl\/wp-content\/uploads\/2023\/03\/150609247_100755642064791_5294265314504698594_o-1-100x100.jpg 100w, https:\/\/www.marginuez.pl\/wp-content\/uploads\/2023\/03\/150609247_100755642064791_5294265314504698594_o-1.jpg 1772w\" sizes=\"auto, (max-width: 300px) 100vw, 300px\" \/><\/a>\n\t\t\t<\/div>\n\t\t\t\t<figcaption class='wp-caption-text gallery-caption' id='gallery-1-481'>\n\t\t\t\tMJK Rapy\n\t\t\t\t<\/figcaption><\/figure><figure class='gallery-item'>\n\t\t\t<div class='gallery-icon landscape'>\n\t\t\t\t<a data-elementor-open-lightbox=\"no\" href='https:\/\/www.marginuez.pl\/wp-content\/uploads\/2023\/06\/Zakatek_autystow_logo.jpg'><img loading=\"lazy\" decoding=\"async\" width=\"300\" height=\"300\" src=\"https:\/\/www.marginuez.pl\/wp-content\/uploads\/2023\/06\/Zakatek_autystow_logo-300x300.jpg\" class=\"attachment-medium size-medium\" alt=\"\" aria-describedby=\"gallery-1-1014\" srcset=\"https:\/\/www.marginuez.pl\/wp-content\/uploads\/2023\/06\/Zakatek_autystow_logo-300x300.jpg 300w, https:\/\/www.marginuez.pl\/wp-content\/uploads\/2023\/06\/Zakatek_autystow_logo-150x150.jpg 150w, https:\/\/www.marginuez.pl\/wp-content\/uploads\/2023\/06\/Zakatek_autystow_logo.jpg 609w\" sizes=\"auto, (max-width: 300px) 100vw, 300px\" \/><\/a>\n\t\t\t<\/div>\n\t\t\t\t<figcaption class='wp-caption-text gallery-caption' id='gallery-1-1014'>\n\t\t\t\tZak\u0105tek Autyst\u00f3w\n\t\t\t\t<\/figcaption><\/figure><figure class='gallery-item'>\n\t\t\t<div class='gallery-icon landscape'>\n\t\t\t\t<a data-elementor-open-lightbox=\"no\" href='https:\/\/www.marginuez.pl\/wp-content\/uploads\/2023\/03\/jojo1-3.jpg'><img loading=\"lazy\" decoding=\"async\" width=\"300\" height=\"300\" src=\"https:\/\/www.marginuez.pl\/wp-content\/uploads\/2023\/03\/jojo1-3-300x300.jpg\" class=\"attachment-medium size-medium\" alt=\"\" aria-describedby=\"gallery-1-477\" srcset=\"https:\/\/www.marginuez.pl\/wp-content\/uploads\/2023\/03\/jojo1-3-300x300.jpg 300w, https:\/\/www.marginuez.pl\/wp-content\/uploads\/2023\/03\/jojo1-3-1024x1024.jpg 1024w, https:\/\/www.marginuez.pl\/wp-content\/uploads\/2023\/03\/jojo1-3-150x150.jpg 150w, https:\/\/www.marginuez.pl\/wp-content\/uploads\/2023\/03\/jojo1-3-768x768.jpg 768w, https:\/\/www.marginuez.pl\/wp-content\/uploads\/2023\/03\/jojo1-3-1536x1536.jpg 1536w, https:\/\/www.marginuez.pl\/wp-content\/uploads\/2023\/03\/jojo1-3-2048x2048.jpg 2048w, https:\/\/www.marginuez.pl\/wp-content\/uploads\/2023\/03\/jojo1-3-600x600.jpg 600w, https:\/\/www.marginuez.pl\/wp-content\/uploads\/2023\/03\/jojo1-3-100x100.jpg 100w\" sizes=\"auto, (max-width: 300px) 100vw, 300px\" \/><\/a>\n\t\t\t<\/div>\n\t\t\t\t<figcaption class='wp-caption-text gallery-caption' id='gallery-1-477'>\n\t\t\t\tJojo BRW\n\t\t\t\t<\/figcaption><\/figure><figure class='gallery-item'>\n\t\t\t<div class='gallery-icon landscape'>\n\t\t\t\t<a data-elementor-open-lightbox=\"no\" href='https:\/\/www.marginuez.pl\/wp-content\/uploads\/2023\/03\/dwa-ka-studio-2.jpg'><img loading=\"lazy\" decoding=\"async\" width=\"300\" height=\"268\" src=\"https:\/\/www.marginuez.pl\/wp-content\/uploads\/2023\/03\/dwa-ka-studio-2-300x268.jpg\" class=\"attachment-medium size-medium\" alt=\"\" aria-describedby=\"gallery-1-489\" srcset=\"https:\/\/www.marginuez.pl\/wp-content\/uploads\/2023\/03\/dwa-ka-studio-2-300x268.jpg 300w, https:\/\/www.marginuez.pl\/wp-content\/uploads\/2023\/03\/dwa-ka-studio-2-600x536.jpg 600w, https:\/\/www.marginuez.pl\/wp-content\/uploads\/2023\/03\/dwa-ka-studio-2.jpg 706w\" sizes=\"auto, (max-width: 300px) 100vw, 300px\" \/><\/a>\n\t\t\t<\/div>\n\t\t\t\t<figcaption class='wp-caption-text gallery-caption' id='gallery-1-489'>\n\t\t\t\tDwa Ka Studio\n\t\t\t\t<\/figcaption><\/figure><figure class='gallery-item'>\n\t\t\t<div class='gallery-icon landscape'>\n\t\t\t\t<a data-elementor-open-lightbox=\"no\" href='https:\/\/www.marginuez.pl\/wp-content\/uploads\/2023\/03\/49504406_341107673141260_1065712876561367040_o-1.jpg'><img loading=\"lazy\" decoding=\"async\" width=\"300\" height=\"300\" src=\"https:\/\/www.marginuez.pl\/wp-content\/uploads\/2023\/03\/49504406_341107673141260_1065712876561367040_o-1-300x300.jpg\" class=\"attachment-medium size-medium\" alt=\"\" aria-describedby=\"gallery-1-486\" srcset=\"https:\/\/www.marginuez.pl\/wp-content\/uploads\/2023\/03\/49504406_341107673141260_1065712876561367040_o-1-300x300.jpg 300w, https:\/\/www.marginuez.pl\/wp-content\/uploads\/2023\/03\/49504406_341107673141260_1065712876561367040_o-1-1024x1022.jpg 1024w, https:\/\/www.marginuez.pl\/wp-content\/uploads\/2023\/03\/49504406_341107673141260_1065712876561367040_o-1-150x150.jpg 150w, https:\/\/www.marginuez.pl\/wp-content\/uploads\/2023\/03\/49504406_341107673141260_1065712876561367040_o-1-768x767.jpg 768w, https:\/\/www.marginuez.pl\/wp-content\/uploads\/2023\/03\/49504406_341107673141260_1065712876561367040_o-1-1536x1533.jpg 1536w, https:\/\/www.marginuez.pl\/wp-content\/uploads\/2023\/03\/49504406_341107673141260_1065712876561367040_o-1-600x599.jpg 600w, https:\/\/www.marginuez.pl\/wp-content\/uploads\/2023\/03\/49504406_341107673141260_1065712876561367040_o-1-100x100.jpg 100w, https:\/\/www.marginuez.pl\/wp-content\/uploads\/2023\/03\/49504406_341107673141260_1065712876561367040_o-1.jpg 1763w\" sizes=\"auto, (max-width: 300px) 100vw, 300px\" \/><\/a>\n\t\t\t<\/div>\n\t\t\t\t<figcaption class='wp-caption-text gallery-caption' id='gallery-1-486'>\n\t\t\t\tUlicami \u015awiata\n\t\t\t\t<\/figcaption><\/figure><figure class='gallery-item'>\n\t\t\t<div class='gallery-icon landscape'>\n\t\t\t\t<a data-elementor-open-lightbox=\"no\" href='https:\/\/www.marginuez.pl\/wp-content\/uploads\/2023\/04\/PNT1c.jpg'><img loading=\"lazy\" decoding=\"async\" width=\"300\" height=\"300\" src=\"https:\/\/www.marginuez.pl\/wp-content\/uploads\/2023\/04\/PNT1c-300x300.jpg\" class=\"attachment-medium size-medium\" alt=\"\" aria-describedby=\"gallery-1-914\" srcset=\"https:\/\/www.marginuez.pl\/wp-content\/uploads\/2023\/04\/PNT1c-300x300.jpg 300w, https:\/\/www.marginuez.pl\/wp-content\/uploads\/2023\/04\/PNT1c-1024x1024.jpg 1024w, https:\/\/www.marginuez.pl\/wp-content\/uploads\/2023\/04\/PNT1c-150x150.jpg 150w, https:\/\/www.marginuez.pl\/wp-content\/uploads\/2023\/04\/PNT1c-768x768.jpg 768w, https:\/\/www.marginuez.pl\/wp-content\/uploads\/2023\/04\/PNT1c.jpg 1181w\" sizes=\"auto, (max-width: 300px) 100vw, 300px\" \/><\/a>\n\t\t\t<\/div>\n\t\t\t\t<figcaption class='wp-caption-text gallery-caption' id='gallery-1-914'>\n\t\t\t\tPsycholog Sportu\n\t\t\t\t<\/figcaption><\/figure><figure class='gallery-item'>\n\t\t\t<div class='gallery-icon landscape'>\n\t\t\t\t<a data-elementor-open-lightbox=\"no\" href='https:\/\/www.marginuez.pl\/wp-content\/uploads\/2023\/03\/kroplowkowy-bar-FB-avatar.jpg'><img loading=\"lazy\" decoding=\"async\" width=\"300\" height=\"300\" src=\"https:\/\/www.marginuez.pl\/wp-content\/uploads\/2023\/03\/kroplowkowy-bar-FB-avatar-300x300.jpg\" class=\"attachment-medium size-medium\" alt=\"\" aria-describedby=\"gallery-1-491\" srcset=\"https:\/\/www.marginuez.pl\/wp-content\/uploads\/2023\/03\/kroplowkowy-bar-FB-avatar-300x300.jpg 300w, https:\/\/www.marginuez.pl\/wp-content\/uploads\/2023\/03\/kroplowkowy-bar-FB-avatar-1024x1024.jpg 1024w, https:\/\/www.marginuez.pl\/wp-content\/uploads\/2023\/03\/kroplowkowy-bar-FB-avatar-150x150.jpg 150w, https:\/\/www.marginuez.pl\/wp-content\/uploads\/2023\/03\/kroplowkowy-bar-FB-avatar-768x768.jpg 768w, https:\/\/www.marginuez.pl\/wp-content\/uploads\/2023\/03\/kroplowkowy-bar-FB-avatar-1536x1536.jpg 1536w, https:\/\/www.marginuez.pl\/wp-content\/uploads\/2023\/03\/kroplowkowy-bar-FB-avatar-600x600.jpg 600w, https:\/\/www.marginuez.pl\/wp-content\/uploads\/2023\/03\/kroplowkowy-bar-FB-avatar-100x100.jpg 100w, https:\/\/www.marginuez.pl\/wp-content\/uploads\/2023\/03\/kroplowkowy-bar-FB-avatar.jpg 2008w\" sizes=\"auto, (max-width: 300px) 100vw, 300px\" \/><\/a>\n\t\t\t<\/div>\n\t\t\t\t<figcaption class='wp-caption-text gallery-caption' id='gallery-1-491'>\n\t\t\t\tWitaminowy Bar\n\t\t\t\t<\/figcaption><\/figure><figure class='gallery-item'>\n\t\t\t<div class='gallery-icon landscape'>\n\t\t\t\t<a data-elementor-open-lightbox=\"no\" href='https:\/\/www.marginuez.pl\/wp-content\/uploads\/2023\/03\/mefiu-biale.jpg'><img loading=\"lazy\" decoding=\"async\" width=\"300\" height=\"300\" src=\"https:\/\/www.marginuez.pl\/wp-content\/uploads\/2023\/03\/mefiu-biale-300x300.jpg\" class=\"attachment-medium size-medium\" alt=\"\" aria-describedby=\"gallery-1-485\" srcset=\"https:\/\/www.marginuez.pl\/wp-content\/uploads\/2023\/03\/mefiu-biale-300x300.jpg 300w, https:\/\/www.marginuez.pl\/wp-content\/uploads\/2023\/03\/mefiu-biale-1024x1024.jpg 1024w, https:\/\/www.marginuez.pl\/wp-content\/uploads\/2023\/03\/mefiu-biale-150x150.jpg 150w, https:\/\/www.marginuez.pl\/wp-content\/uploads\/2023\/03\/mefiu-biale-768x768.jpg 768w, https:\/\/www.marginuez.pl\/wp-content\/uploads\/2023\/03\/mefiu-biale-1536x1536.jpg 1536w, https:\/\/www.marginuez.pl\/wp-content\/uploads\/2023\/03\/mefiu-biale-600x600.jpg 600w, https:\/\/www.marginuez.pl\/wp-content\/uploads\/2023\/03\/mefiu-biale-100x100.jpg 100w, https:\/\/www.marginuez.pl\/wp-content\/uploads\/2023\/03\/mefiu-biale.jpg 1772w\" sizes=\"auto, (max-width: 300px) 100vw, 300px\" \/><\/a>\n\t\t\t<\/div>\n\t\t\t\t<figcaption class='wp-caption-text gallery-caption' id='gallery-1-485'>\n\t\t\t\tMerefiuru\n\t\t\t\t<\/figcaption><\/figure><figure class='gallery-item'>\n\t\t\t<div class='gallery-icon landscape'>\n\t\t\t\t<a data-elementor-open-lightbox=\"no\" href='https:\/\/www.marginuez.pl\/wp-content\/uploads\/2023\/05\/logoPMD-new-2.jpg'><img loading=\"lazy\" decoding=\"async\" width=\"300\" height=\"300\" src=\"https:\/\/www.marginuez.pl\/wp-content\/uploads\/2023\/05\/logoPMD-new-2-300x300.jpg\" class=\"attachment-medium size-medium\" alt=\"\" aria-describedby=\"gallery-1-943\" srcset=\"https:\/\/www.marginuez.pl\/wp-content\/uploads\/2023\/05\/logoPMD-new-2-300x300.jpg 300w, https:\/\/www.marginuez.pl\/wp-content\/uploads\/2023\/05\/logoPMD-new-2-1024x1024.jpg 1024w, https:\/\/www.marginuez.pl\/wp-content\/uploads\/2023\/05\/logoPMD-new-2-150x150.jpg 150w, https:\/\/www.marginuez.pl\/wp-content\/uploads\/2023\/05\/logoPMD-new-2-768x768.jpg 768w, https:\/\/www.marginuez.pl\/wp-content\/uploads\/2023\/05\/logoPMD-new-2-1536x1536.jpg 1536w, https:\/\/www.marginuez.pl\/wp-content\/uploads\/2023\/05\/logoPMD-new-2-2048x2048.jpg 2048w\" sizes=\"auto, (max-width: 300px) 100vw, 300px\" \/><\/a>\n\t\t\t<\/div>\n\t\t\t\t<figcaption class='wp-caption-text gallery-caption' id='gallery-1-943'>\n\t\t\t\tPrawda Moj\u0105 Drog\u0105\n\t\t\t\t<\/figcaption><\/figure><figure class='gallery-item'>\n\t\t\t<div class='gallery-icon landscape'>\n\t\t\t\t<a data-elementor-open-lightbox=\"no\" href='https:\/\/www.marginuez.pl\/wp-content\/uploads\/2023\/03\/LOGO-WS-biale-4.jpg'><img loading=\"lazy\" decoding=\"async\" width=\"300\" height=\"300\" src=\"https:\/\/www.marginuez.pl\/wp-content\/uploads\/2023\/03\/LOGO-WS-biale-4-300x300.jpg\" class=\"attachment-medium size-medium\" alt=\"\" aria-describedby=\"gallery-1-479\" srcset=\"https:\/\/www.marginuez.pl\/wp-content\/uploads\/2023\/03\/LOGO-WS-biale-4-300x300.jpg 300w, https:\/\/www.marginuez.pl\/wp-content\/uploads\/2023\/03\/LOGO-WS-biale-4-1024x1024.jpg 1024w, https:\/\/www.marginuez.pl\/wp-content\/uploads\/2023\/03\/LOGO-WS-biale-4-150x150.jpg 150w, https:\/\/www.marginuez.pl\/wp-content\/uploads\/2023\/03\/LOGO-WS-biale-4-768x768.jpg 768w, https:\/\/www.marginuez.pl\/wp-content\/uploads\/2023\/03\/LOGO-WS-biale-4-1536x1536.jpg 1536w, https:\/\/www.marginuez.pl\/wp-content\/uploads\/2023\/03\/LOGO-WS-biale-4-600x600.jpg 600w, https:\/\/www.marginuez.pl\/wp-content\/uploads\/2023\/03\/LOGO-WS-biale-4-100x100.jpg 100w, https:\/\/www.marginuez.pl\/wp-content\/uploads\/2023\/03\/LOGO-WS-biale-4.jpg 1772w\" sizes=\"auto, (max-width: 300px) 100vw, 300px\" \/><\/a>\n\t\t\t<\/div>\n\t\t\t\t<figcaption class='wp-caption-text gallery-caption' id='gallery-1-479'>\n\t\t\t\tWschodnia Strona\n\t\t\t\t<\/figcaption><\/figure><figure class='gallery-item'>\n\t\t\t<div class='gallery-icon landscape'>\n\t\t\t\t<a data-elementor-open-lightbox=\"no\" href='https:\/\/www.marginuez.pl\/wp-content\/uploads\/2023\/09\/GBP-logo-01-01.jpg'><img loading=\"lazy\" decoding=\"async\" width=\"300\" height=\"300\" src=\"https:\/\/www.marginuez.pl\/wp-content\/uploads\/2023\/09\/GBP-logo-01-01-300x300.jpg\" class=\"attachment-medium size-medium\" alt=\"\" aria-describedby=\"gallery-1-1188\" srcset=\"https:\/\/www.marginuez.pl\/wp-content\/uploads\/2023\/09\/GBP-logo-01-01-300x300.jpg 300w, https:\/\/www.marginuez.pl\/wp-content\/uploads\/2023\/09\/GBP-logo-01-01-150x150.jpg 150w, https:\/\/www.marginuez.pl\/wp-content\/uploads\/2023\/09\/GBP-logo-01-01-768x767.jpg 768w, https:\/\/www.marginuez.pl\/wp-content\/uploads\/2023\/09\/GBP-logo-01-01.jpg 809w\" sizes=\"auto, (max-width: 300px) 100vw, 300px\" \/><\/a>\n\t\t\t<\/div>\n\t\t\t\t<figcaption class='wp-caption-text gallery-caption' id='gallery-1-1188'>\n\t\t\t\tGBP Mateusz G\u0105tnicki &#8211; trener boksu\n\t\t\t\t<\/figcaption><\/figure><figure class='gallery-item'>\n\t\t\t<div class='gallery-icon landscape'>\n\t\t\t\t<a data-elementor-open-lightbox=\"no\" href='https:\/\/www.marginuez.pl\/wp-content\/uploads\/2023\/08\/cropped-marGINuez-logo-new.jpg'><img loading=\"lazy\" decoding=\"async\" width=\"300\" height=\"300\" src=\"https:\/\/www.marginuez.pl\/wp-content\/uploads\/2023\/08\/cropped-marGINuez-logo-new-300x300.jpg\" class=\"attachment-medium size-medium\" alt=\"\" aria-describedby=\"gallery-1-1022\" srcset=\"https:\/\/www.marginuez.pl\/wp-content\/uploads\/2023\/08\/cropped-marGINuez-logo-new-300x300.jpg 300w, https:\/\/www.marginuez.pl\/wp-content\/uploads\/2023\/08\/cropped-marGINuez-logo-new-150x150.jpg 150w, https:\/\/www.marginuez.pl\/wp-content\/uploads\/2023\/08\/cropped-marGINuez-logo-new-270x270.jpg 270w, https:\/\/www.marginuez.pl\/wp-content\/uploads\/2023\/08\/cropped-marGINuez-logo-new-192x192.jpg 192w, https:\/\/www.marginuez.pl\/wp-content\/uploads\/2023\/08\/cropped-marGINuez-logo-new-180x180.jpg 180w, https:\/\/www.marginuez.pl\/wp-content\/uploads\/2023\/08\/cropped-marGINuez-logo-new-32x32.jpg 32w, https:\/\/www.marginuez.pl\/wp-content\/uploads\/2023\/08\/cropped-marGINuez-logo-new.jpg 512w\" sizes=\"auto, (max-width: 300px) 100vw, 300px\" \/><\/a>\n\t\t\t<\/div>\n\t\t\t\t<figcaption class='wp-caption-text gallery-caption' id='gallery-1-1022'>\n\t\t\t\tmarGINuez\n\t\t\t\t<\/figcaption><\/figure>\n\t\t<\/div>\n\t\t<\/div>\n\t\t\t\t<\/div>\n\t\t\t\t<\/div>\n\t\t\t\t<div class=\"elementor-element elementor-element-7c280cfa elementor-widget elementor-widget-text-editor\" data-id=\"7c280cfa\" data-element_type=\"widget\" data-widget_type=\"text-editor.default\">\n\t\t\t\t<div class=\"elementor-widget-container\">\n\t\t\t<style>\/*! elementor - v3.6.6 - 08-06-2022 *\/\n.elementor-widget-text-editor.elementor-drop-cap-view-stacked .elementor-drop-cap{background-color:#818a91;color:#fff}.elementor-widget-text-editor.elementor-drop-cap-view-framed .elementor-drop-cap{color:#818a91;border:3px solid;background-color:transparent}.elementor-widget-text-editor:not(.elementor-drop-cap-view-default) .elementor-drop-cap{margin-top:8px}.elementor-widget-text-editor:not(.elementor-drop-cap-view-default) .elementor-drop-cap-letter{width:1em;height:1em}.elementor-widget-text-editor .elementor-drop-cap{float:left;text-align:center;line-height:1;font-size:50px}.elementor-widget-text-editor .elementor-drop-cap-letter{display:inline-block}<\/style>\t\t\t\t\t\t\t\t\t\t<\/div>\n\t\t\t\t<\/div>\n\t\t\t\t\t<\/div>\n\t\t<\/div>\n\t\t\t\t\t\t\t<\/div>\n\t\t<\/section>\n\t\t\t\t\t\t\t<\/div>\n\t\t","protected":false},"excerpt":{"rendered":"<p>Bakajoko Viking Team MMA Addict MJK Rapy Zak\u0105tek Autyst\u00f3w Jojo BRW Dwa Ka Studio Ulicami \u015awiata Psycholog Sportu Witaminowy Bar Merefiuru Prawda Moj\u0105 Drog\u0105 Wschodnia Strona GBP Mateusz G\u0105tnicki &#8211; trener boksu marGINuez<\/p>\n","protected":false},"author":1,"featured_media":0,"parent":59,"menu_order":1,"comment_status":"closed","ping_status":"closed","template":"elementor_theme","meta":{"inline_featured_image":false,"footnotes":""},"class_list":["post-228","page","type-page","status-publish","hentry"],"acf":[],"_links":{"self":[{"href":"https:\/\/www.marginuez.pl\/index.php\/wp-json\/wp\/v2\/pages\/228","targetHints":{"allow":["GET"]}}],"collection":[{"href":"https:\/\/www.marginuez.pl\/index.php\/wp-json\/wp\/v2\/pages"}],"about":[{"href":"https:\/\/www.marginuez.pl\/index.php\/wp-json\/wp\/v2\/types\/page"}],"author":[{"embeddable":true,"href":"https:\/\/www.marginuez.pl\/index.php\/wp-json\/wp\/v2\/users\/1"}],"replies":[{"embeddable":true,"href":"https:\/\/www.marginuez.pl\/index.php\/wp-json\/wp\/v2\/comments?post=228"}],"version-history":[{"count":77,"href":"https:\/\/www.marginuez.pl\/index.php\/wp-json\/wp\/v2\/pages\/228\/revisions"}],"predecessor-version":[{"id":1249,"href":"https:\/\/www.marginuez.pl\/index.php\/wp-json\/wp\/v2\/pages\/228\/revisions\/1249"}],"up":[{"embeddable":true,"href":"https:\/\/www.marginuez.pl\/index.php\/wp-json\/wp\/v2\/pages\/59"}],"wp:attachment":[{"href":"https:\/\/www.marginuez.pl\/index.php\/wp-json\/wp\/v2\/media?parent=228"}],"curies":[{"name":"wp","href":"https:\/\/api.w.org\/{rel}","templated":true}]}}